{"id":1181,"date":"2020-10-03T14:48:58","date_gmt":"2020-10-03T14:48:58","guid":{"rendered":"http:\/\/demo.athemes.com\/sp-plumber\/?page_id=7"},"modified":"2024-07-19T20:39:12","modified_gmt":"2024-07-20T02:39:12","slug":"home","status":"publish","type":"page","link":"https:\/\/folken-it.com\/","title":{"rendered":"Inicio"},"content":{"rendered":"\n<h2 class=\"wp-block-heading\">Mejora tus habilidades tecnol\u00f3gicas con nuestro contenido.<\/h2>\n\n\n\n<figure class=\"wp-block-image size-large\"><img loading=\"lazy\" decoding=\"async\" width=\"1024\" height=\"683\" src=\"https:\/\/i0.wp.com\/folken-it.com\/wp-content\/uploads\/2024\/07\/ladyEngg.jpg?resize=1024%2C683&#038;ssl=1\" alt=\"\" class=\"wp-image-1314\" srcset=\"https:\/\/i0.wp.com\/folken-it.com\/wp-content\/uploads\/2024\/07\/ladyEngg.jpg?resize=1024%2C683&amp;ssl=1 1024w, https:\/\/i0.wp.com\/folken-it.com\/wp-content\/uploads\/2024\/07\/ladyEngg.jpg?resize=300%2C200&amp;ssl=1 300w, https:\/\/i0.wp.com\/folken-it.com\/wp-content\/uploads\/2024\/07\/ladyEngg.jpg?resize=768%2C512&amp;ssl=1 768w, https:\/\/i0.wp.com\/folken-it.com\/wp-content\/uploads\/2024\/07\/ladyEngg.jpg?resize=1536%2C1025&amp;ssl=1 1536w, https:\/\/i0.wp.com\/folken-it.com\/wp-content\/uploads\/2024\/07\/ladyEngg.jpg?resize=1000%2C667&amp;ssl=1 1000w, https:\/\/i0.wp.com\/folken-it.com\/wp-content\/uploads\/2024\/07\/ladyEngg.jpg?resize=230%2C153&amp;ssl=1 230w, https:\/\/i0.wp.com\/folken-it.com\/wp-content\/uploads\/2024\/07\/ladyEngg.jpg?resize=350%2C234&amp;ssl=1 350w, https:\/\/i0.wp.com\/folken-it.com\/wp-content\/uploads\/2024\/07\/ladyEngg.jpg?resize=480%2C320&amp;ssl=1 480w, https:\/\/i0.wp.com\/folken-it.com\/wp-content\/uploads\/2024\/07\/ladyEngg.jpg?w=1920&amp;ssl=1 1920w\" sizes=\"auto, (max-width: 1024px) 100vw, 1024px\" data-recalc-dims=\"1\" \/><\/figure>\n\n\n\n<p>\u00a1Bienvenido a <strong>Folken IT<\/strong>, tu fuente confiable para aprender sobre integraci\u00f3n de sistemas a trav\u00e9s de videos! Aqu\u00ed, abordamos las \u00faltimas tendencias y soluciones en tecnolog\u00eda para profesionales como t\u00fa, con a\u00f1os de experiencia y un enfoque en la eficiencia y la innovaci\u00f3n.<\/p>\n\n\n\n<p>Nuestros videos est\u00e1n dise\u00f1ados para simplificar la integraci\u00f3n de sistemas complejos y mantenerte al d\u00eda con las herramientas m\u00e1s recientes. Ya seas un integrador de sistemas o un gerente de TI, nuestro contenido te ayudar\u00e1 a resolver problemas y a optimizar tus procesos.<\/p>\n\n\n\n<p>Explora t\u00e9cnicas avanzadas y consejos pr\u00e1cticos que te permitir\u00e1n mejorar la seguridad y la escalabilidad de tus sistemas. Con nuestra ayuda, podr\u00e1s avanzar en tu carrera y contribuir al \u00e9xito de tu organizaci\u00f3n.<\/p>\n\n\n\n<p>\u00danete a nuestra comunidad de expertos y profesionales. \u00a1Aprende, crece y transforma tu enfoque hacia la integraci\u00f3n de sistemas con <strong>Folken IT<\/strong>!<\/p>\n\n\n\n<figure class=\"wp-block-image size-full\"><img loading=\"lazy\" decoding=\"async\" width=\"640\" height=\"425\" src=\"https:\/\/i0.wp.com\/folken-it.com\/wp-content\/uploads\/2024\/07\/portadaChic.jpg?resize=640%2C425&#038;ssl=1\" alt=\"\" class=\"wp-image-1253\" srcset=\"https:\/\/i0.wp.com\/folken-it.com\/wp-content\/uploads\/2024\/07\/portadaChic.jpg?w=640&amp;ssl=1 640w, https:\/\/i0.wp.com\/folken-it.com\/wp-content\/uploads\/2024\/07\/portadaChic.jpg?resize=300%2C199&amp;ssl=1 300w, https:\/\/i0.wp.com\/folken-it.com\/wp-content\/uploads\/2024\/07\/portadaChic.jpg?resize=230%2C153&amp;ssl=1 230w, https:\/\/i0.wp.com\/folken-it.com\/wp-content\/uploads\/2024\/07\/portadaChic.jpg?resize=350%2C232&amp;ssl=1 350w, https:\/\/i0.wp.com\/folken-it.com\/wp-content\/uploads\/2024\/07\/portadaChic.jpg?resize=480%2C319&amp;ssl=1 480w\" sizes=\"auto, (max-width: 640px) 100vw, 640px\" data-recalc-dims=\"1\" \/><\/figure>\n","protected":false},"excerpt":{"rendered":"<p>Mejora tus habilidades tecnol\u00f3gicas con nuestro contenido. \u00a1Bienvenido a Folken IT, tu fuente confiable para aprender sobre integraci\u00f3n de sistemas a trav\u00e9s [&hellip;]<\/p>\n","protected":false},"author":62,"featured_media":0,"parent":0,"menu_order":0,"comment_status":"closed","ping_status":"closed","template":"page-templates\/page_front-page.php","meta":{"footnotes":""},"class_list":["post-1181","page","type-page","status-publish","hentry"],"jetpack_sharing_enabled":true,"_links":{"self":[{"href":"https:\/\/folken-it.com\/index.php?rest_route=\/wp\/v2\/pages\/1181","targetHints":{"allow":["GET"]}}],"collection":[{"href":"https:\/\/folken-it.com\/index.php?rest_route=\/wp\/v2\/pages"}],"about":[{"href":"https:\/\/folken-it.com\/index.php?rest_route=\/wp\/v2\/types\/page"}],"author":[{"embeddable":true,"href":"https:\/\/folken-it.com\/index.php?rest_route=\/wp\/v2\/users\/62"}],"replies":[{"embeddable":true,"href":"https:\/\/folken-it.com\/index.php?rest_route=%2Fwp%2Fv2%2Fcomments&post=1181"}],"version-history":[{"count":6,"href":"https:\/\/folken-it.com\/index.php?rest_route=\/wp\/v2\/pages\/1181\/revisions"}],"predecessor-version":[{"id":1315,"href":"https:\/\/folken-it.com\/index.php?rest_route=\/wp\/v2\/pages\/1181\/revisions\/1315"}],"wp:attachment":[{"href":"https:\/\/folken-it.com\/index.php?rest_route=%2Fwp%2Fv2%2Fmedia&parent=1181"}],"curies":[{"name":"wp","href":"https:\/\/api.w.org\/{rel}","templated":true}]}}